{"id":7119,"date":"2025-08-27T21:24:07","date_gmt":"2025-08-27T21:24:07","guid":{"rendered":"https:\/\/iessobrarbe.catedu.es\/?page_id=7119"},"modified":"2025-08-27T21:24:07","modified_gmt":"2025-08-27T21:24:07","slug":"documentos","status":"publish","type":"page","link":"https:\/\/iessobrarbe.catedu.es\/?page_id=7119","title":{"rendered":"DOCUMENTOS"},"content":{"rendered":"<p class=\"has-small-font-size\">El PEC es el documento global de orden superior que rige el centro y que, a su vez, comprende otros documentos como se expone en el \u00edndice. Estos documentos se ir\u00e1n colgando en esta entrada conforme est\u00e9n actualizados.<\/p>\n<p class=\"has-small-font-size\">Para<strong> solicitar espacios<\/strong> del IES Sobrarbe se debe leer la normativa que le afecta que es el RRI y las\u00a0<a href=\"https:\/\/iessobrarbe.catedu.es\/wp-content\/uploads\/sites\/289\/2018\/09\/NORMAS-DE-USO_INSTALACIONES.pdf\">NORMAS DE USO DE_INSTALACIONES<\/a>. Son objeto de posible cesi\u00f3n o alquiler el patio, la biblioteca, aulas, comedor y cocina en diferentes modalidades y previa aprobaci\u00f3n. El patio desde el muro del CEIP Asunci\u00f3n Pa\u00f1art es de gesti\u00f3n exclusiva del IES Sobrarbe (aunque coordinada con el colegio).<\/p>\n<ul class=\"wp-block-list\">\n<li class=\"has-small-font-size\"><a href=\"https:\/\/iessobrarbe.catedu.es\/wp-content\/uploads\/sites\/289\/2016\/04\/PEC-1.pdf\" target=\"_blank\" rel=\"noreferrer noopener\">Proyecto Educativo de Centro (PEC)<\/a><\/li>\n<li class=\"has-small-font-size\"><a href=\"https:\/\/iessobrarbe.catedu.es\/wp-content\/uploads\/sites\/289\/2016\/04\/PROYECTO-CURRICULAR-DE-CENTRO-1.pdf\" target=\"_blank\" rel=\"noreferrer noopener\">Proyecto Curricular de Centro (PC)<\/a><\/li>\n<li class=\"has-small-font-size\"><a href=\"https:\/\/iessobrarbe.catedu.es\/wp-content\/uploads\/sites\/289\/2016\/04\/PLAN-DE-ATENCI\u00d3N-A-LA-DIVERSIDAD.pdf\" target=\"_blank\" rel=\"noreferrer noopener\">Plan de Atenci\u00f3n a la Diversidad<\/a> (PAD)<\/li>\n<li class=\"has-small-font-size\"><a href=\"https:\/\/iessobrarbe.catedu.es\/wp-content\/uploads\/sites\/289\/2016\/04\/Plan-de-intevenci\u00f3n-del-DO-incluye-POAPPAT-PAPEA.pdf\" target=\"_blank\" rel=\"noreferrer noopener\">Plan de intevenci\u00f3n del DO (incluye POAP,PAT, PAPEA)<\/a><\/li>\n<li class=\"has-small-font-size\"><a href=\"https:\/\/iessobrarbe.catedu.es\/wp-content\/uploads\/sites\/289\/2016\/04\/Plan-de-Convivencia.pdf\" target=\"_blank\" rel=\"noreferrer noopener\">Plan de Convivencia<\/a><\/li>\n<li class=\"has-small-font-size\"><a href=\"https:\/\/iessobrarbe.catedu.es\/wp-content\/uploads\/sites\/289\/2025\/01\/RRI.pdf\" target=\"_blank\" rel=\"noreferrer noopener\">RRI<\/a><\/li>\n<li class=\"has-small-font-size\"><a href=\"https:\/\/iessobrarbe.catedu.es\/wp-content\/uploads\/sites\/289\/2016\/04\/plan_transici\u00f3n.pdf\" target=\"_blank\" rel=\"noreferrer noopener\">Plan de transici\u00f3n de Primaria a Secundaria<\/a> (Plan de Paso)<\/li>\n<li class=\"has-small-font-size\"><a href=\"https:\/\/iessobrarbe.catedu.es\/wp-content\/uploads\/sites\/289\/2016\/04\/Proyecto-Biblioteca-IES-Sobrarbe.pdf\" target=\"_blank\" rel=\"noreferrer noopener\">Proyecto de Biblioteca<\/a><\/li>\n<\/ul>\n","protected":false},"excerpt":{"rendered":"<p>El PEC es el documento global de orden superior que rige el centro y que, a su vez, comprende otros documentos como se expone en el \u00edndice. Estos documentos se ir\u00e1n colgando en esta entrada conforme est\u00e9n actualizados. Para solicitar espacios del IES Sobrarbe se debe leer la normativa que le afecta que es el [&hellip;]<\/p>\n","protected":false},"author":1269,"featured_media":7120,"parent":0,"menu_order":0,"comment_status":"closed","ping_status":"closed","template":"","meta":{"_monsterinsights_skip_tracking":false,"_monsterinsights_sitenote_active":false,"_monsterinsights_sitenote_note":"","_monsterinsights_sitenote_category":0,"footnotes":""},"class_list":["post-7119","page","type-page","status-publish","has-post-thumbnail","hentry"],"_links":{"self":[{"href":"https:\/\/iessobrarbe.catedu.es\/index.php?rest_route=\/wp\/v2\/pages\/7119","targetHints":{"allow":["GET"]}}],"collection":[{"href":"https:\/\/iessobrarbe.catedu.es\/index.php?rest_route=\/wp\/v2\/pages"}],"about":[{"href":"https:\/\/iessobrarbe.catedu.es\/index.php?rest_route=\/wp\/v2\/types\/page"}],"author":[{"embeddable":true,"href":"https:\/\/iessobrarbe.catedu.es\/index.php?rest_route=\/wp\/v2\/users\/1269"}],"replies":[{"embeddable":true,"href":"https:\/\/iessobrarbe.catedu.es\/index.php?rest_route=%2Fwp%2Fv2%2Fcomments&post=7119"}],"version-history":[{"count":1,"href":"https:\/\/iessobrarbe.catedu.es\/index.php?rest_route=\/wp\/v2\/pages\/7119\/revisions"}],"predecessor-version":[{"id":7122,"href":"https:\/\/iessobrarbe.catedu.es\/index.php?rest_route=\/wp\/v2\/pages\/7119\/revisions\/7122"}],"wp:featuredmedia":[{"embeddable":true,"href":"https:\/\/iessobrarbe.catedu.es\/index.php?rest_route=\/wp\/v2\/media\/7120"}],"wp:attachment":[{"href":"https:\/\/iessobrarbe.catedu.es\/index.php?rest_route=%2Fwp%2Fv2%2Fmedia&parent=7119"}],"curies":[{"name":"wp","href":"https:\/\/api.w.org\/{rel}","templated":true}]}}